{"id":2694,"date":"2023-08-23T13:57:17","date_gmt":"2023-08-23T11:57:17","guid":{"rendered":"https:\/\/kodaplegal.cz\/?page_id=2694"},"modified":"2023-08-23T14:04:29","modified_gmt":"2023-08-23T12:04:29","slug":"ochrana-oznamovatelu","status":"publish","type":"page","link":"https:\/\/kodaplegal.cz\/en\/ochrana-oznamovatelu\/","title":{"rendered":"Whistleblower protection"},"content":{"rendered":"<div data-elementor-type=\"wp-page\" data-elementor-id=\"2694\" class=\"elementor elementor-2694\" data-elementor-post-type=\"page\">\n\t\t\t\t\t\t<section class=\"elementor-section elementor-top-section elementor-element elementor-element-0818663 elementor-section-boxed elementor-section-height-default elementor-section-height-default\" data-id=\"0818663\" data-element_type=\"section\" data-settings=\"{&quot;jet_parallax_layout_list&quot;:[{&quot;jet_parallax_layout_image&quot;:{&quot;url&quot;:&quot;&quot;,&quot;id&quot;:&quot;&quot;,&quot;size&quot;:&quot;&quot;},&quot;_id&quot;:&quot;74d3db3&quot;,&quot;jet_parallax_layout_image_tablet&quot;:{&quot;url&quot;:&quot;&quot;,&quot;id&quot;:&quot;&quot;,&quot;size&quot;:&quot;&quot;},&quot;jet_parallax_layout_image_mobile&quot;:{&quot;url&quot;:&quot;&quot;,&quot;id&quot;:&quot;&quot;,&quot;size&quot;:&quot;&quot;},&quot;jet_parallax_layout_speed&quot;:{&quot;unit&quot;:&quot;%&quot;,&quot;size&quot;:50,&quot;sizes&quot;:[]},&quot;jet_parallax_layout_type&quot;:&quot;scroll&quot;,&quot;jet_parallax_layout_direction&quot;:&quot;1&quot;,&quot;jet_parallax_layout_fx_direction&quot;:null,&quot;jet_parallax_layout_z_index&quot;:&quot;&quot;,&quot;jet_parallax_layout_bg_x&quot;:50,&quot;jet_parallax_layout_bg_x_tablet&quot;:&quot;&quot;,&quot;jet_parallax_layout_bg_x_mobile&quot;:&quot;&quot;,&quot;jet_parallax_layout_bg_y&quot;:50,&quot;jet_parallax_layout_bg_y_tablet&quot;:&quot;&quot;,&quot;jet_parallax_layout_bg_y_mobile&quot;:&quot;&quot;,&quot;jet_parallax_layout_bg_size&quot;:&quot;auto&quot;,&quot;jet_parallax_layout_bg_size_tablet&quot;:&quot;&quot;,&quot;jet_parallax_layout_bg_size_mobile&quot;:&quot;&quot;,&quot;jet_parallax_layout_animation_prop&quot;:&quot;transform&quot;,&quot;jet_parallax_layout_on&quot;:[&quot;desktop&quot;,&quot;tablet&quot;]}]}\">\n\t\t\t\t\t\t<div class=\"elementor-container elementor-column-gap-default\">\n\t\t\t\t\t<div class=\"elementor-column elementor-col-100 elementor-top-column elementor-element elementor-element-21c6dd8\" data-id=\"21c6dd8\" data-element_type=\"column\">\n\t\t\t<div class=\"elementor-widget-wrap elementor-element-populated\">\n\t\t\t\t\t\t<div class=\"elementor-element elementor-element-4c510f5 elementor-widget elementor-widget-heading\" data-id=\"4c510f5\" data-element_type=\"widget\" data-widget_type=\"heading.default\">\n\t\t\t\t<div class=\"elementor-widget-container\">\n\t\t\t\t\t<h2 class=\"elementor-heading-title elementor-size-default\">Whistleblower protection<\/h2>\t\t\t\t<\/div>\n\t\t\t\t<\/div>\n\t\t\t\t<div class=\"elementor-element elementor-element-69da9c1 elementor-widget elementor-widget-text-editor\" data-id=\"69da9c1\" data-element_type=\"widget\" data-widget_type=\"text-editor.default\">\n\t\t\t\t<div class=\"elementor-widget-container\">\n\t\t\t\t\t\t\t\t\t<p><br><\/p><p>V&nbsp;souladu s \u00a7 9 odst. 2 p\u00edsm. b) z\u00e1kona \u010d. 171\/2023 Sb., o ochran\u011b oznamovatel\u016f (d\u00e1le jen \u201e<b>z\u00e1kon o ochran\u011b oznamovatel\u016f<\/b>\u201c), poskytuje advok\u00e1tn\u00ed kancel\u00e1\u0159 KODAP legal s.r.o. n\u00e1sleduj\u00edc\u00ed informace t\u00fdkaj\u00edc\u00ed se vy\u0159izov\u00e1n\u00ed ozn\u00e1men\u00ed dle uveden\u00e9ho z\u00e1kona:<\/p>\n<ol style=\"margin-top: 0cm;\" start=\"1\" type=\"a\">\n<li style=\"margin-left: 0cm; mso-list: l0 level1 lfo1;\">Ozn\u00e1men\u00ed je v\u016f\u010di spole\u010dnosti mo\u017en\u00e9 u\u010dinit prost\u0159ednictv\u00edm vnit\u0159n\u00edho oznamovac\u00edho syst\u00e9mu bu\u010f v&nbsp;listinn\u00e9 podob\u011b na adresu p\u0159\u00edslu\u0161n\u00e9 osoby (viz n\u00ed\u017ee), \u010di v elektronick\u00e9 podob\u011b na e-mail p\u0159\u00edslu\u0161n\u00e9 osoby (viz n\u00ed\u017ee) pop\u0159. osobn\u011b po p\u0159edchoz\u00ed \u017e\u00e1dosti zaslan\u00e9 v listinn\u00e9 \u010di elektronick\u00e9 podob\u011b zp\u016fsobem dle t\u00e9to v\u011bty, pop\u0159. telefonicky (viz n\u00ed\u017ee).<\/li>\n<\/ol>\n<p>&nbsp; &nbsp; &nbsp; &nbsp; Ozn\u00e1men\u00ed je mo\u017en\u00e9 podat t\u00e9\u017e Ministerstvu spravedlnosti \u010cesk\u00e9 republiky.<\/p>\n<p>&nbsp; &nbsp; &nbsp; &nbsp; V\u00edce informac\u00ed zde: <a href=\"https:\/\/oznamovatel.justice.cz\/chci-podat-oznameni\/\">https:\/\/oznamovatel.justice.cz\/chci-podat-oznameni\/<\/a>.<\/p>\n<ol style=\"margin-top: 0cm;\" start=\"2\" type=\"a\">\n<li style=\"margin-left: 0cm; mso-list: l0 level1 lfo1;\">P\u0159\u00edslu\u0161nou osobou je Mgr. V\u00edt Havrda, tel.: 485&nbsp;228 413, e-mail: <a href=\"mailto:havrda@kodaplegal.cz\">havrda@kodaplegal.cz<\/a>, adresa pro doru\u010dov\u00e1n\u00ed listinn\u00fdch ozn\u00e1men\u00ed: 1. m\u00e1je 97\/25, 460 07 Liberec.<\/li>\n<\/ol><div><br><\/div>\n<ol style=\"margin-top: 0cm;\" start=\"3\" type=\"a\">\n<li style=\"margin-left: 0cm; mso-list: l0 level1 lfo1;\">Spole\u010dnost vylu\u010duje p\u0159ij\u00edm\u00e1n\u00ed ozn\u00e1men\u00ed od osob, kter\u00e9 pro advok\u00e1tn\u00ed kancel\u00e1\u0159 nevykon\u00e1vaj\u00ed pr\u00e1ci nebo jinou obdobnou \u010dinnost podle \u00a7 2 odst. 3 p\u00edsm. a), b), h) nebo i) z\u00e1kona o ochran\u011b oznamovatel\u016f<i><\/i><\/li>\n<\/ol><div><br><\/div><div><br><\/div>\t\t\t\t\t\t\t\t<\/div>\n\t\t\t\t<\/div>\n\t\t\t\t\t<\/div>\n\t\t<\/div>\n\t\t\t\t\t<\/div>\n\t\t<\/section>\n\t\t\t\t<\/div>","protected":false},"excerpt":{"rendered":"<p>Ochrana oznamovatel\u016f V&nbsp;souladu s \u00a7 9 odst. 2 p\u00edsm. b) z\u00e1kona \u010d. 171\/2023 Sb., o ochran\u011b oznamovatel\u016f (d\u00e1le jen \u201ez\u00e1kon o ochran\u011b oznamovatel\u016f\u201c), poskytuje advok\u00e1tn\u00ed kancel\u00e1\u0159 KODAP legal s.r.o. n\u00e1sleduj\u00edc\u00ed informace t\u00fdkaj\u00edc\u00ed se vy\u0159izov\u00e1n\u00ed ozn\u00e1men\u00ed dle uveden\u00e9ho z\u00e1kona: Ozn\u00e1men\u00ed je v\u016f\u010di spole\u010dnosti mo\u017en\u00e9 u\u010dinit prost\u0159ednictv\u00edm vnit\u0159n\u00edho oznamovac\u00edho syst\u00e9mu bu\u010f v&nbsp;listinn\u00e9 podob\u011b na adresu p\u0159\u00edslu\u0161n\u00e9 osoby [&hellip;]<\/p>","protected":false},"author":2,"featured_media":0,"parent":0,"menu_order":0,"comment_status":"closed","ping_status":"closed","template":"","meta":{"footnotes":""},"class_list":["post-2694","page","type-page","status-publish","hentry"],"yoast_head":"<!-- This site is optimized with the Yoast SEO plugin v26.7 - https:\/\/yoast.com\/wordpress\/plugins\/seo\/ -->\n<title>Ochrana oznamovatel\u016f | KODAP Legal<\/title>\n<meta name=\"robots\" content=\"index, follow, max-snippet:-1, max-image-preview:large, max-video-preview:-1\" \/>\n<link rel=\"canonical\" href=\"https:\/\/kodaplegal.cz\/en\/ochrana-oznamovatelu\/\" \/>\n<meta property=\"og:locale\" content=\"en_GB\" \/>\n<meta property=\"og:type\" content=\"article\" \/>\n<meta property=\"og:title\" content=\"Ochrana oznamovatel\u016f | KODAP Legal\" \/>\n<meta property=\"og:description\" content=\"Ochrana oznamovatel\u016f V&nbsp;souladu s \u00a7 9 odst. 2 p\u00edsm. b) z\u00e1kona \u010d. 171\/2023 Sb., o ochran\u011b oznamovatel\u016f (d\u00e1le jen \u201ez\u00e1kon o ochran\u011b oznamovatel\u016f\u201c), poskytuje advok\u00e1tn\u00ed kancel\u00e1\u0159 KODAP legal s.r.o. n\u00e1sleduj\u00edc\u00ed informace t\u00fdkaj\u00edc\u00ed se vy\u0159izov\u00e1n\u00ed ozn\u00e1men\u00ed dle uveden\u00e9ho z\u00e1kona: Ozn\u00e1men\u00ed je v\u016f\u010di spole\u010dnosti mo\u017en\u00e9 u\u010dinit prost\u0159ednictv\u00edm vnit\u0159n\u00edho oznamovac\u00edho syst\u00e9mu bu\u010f v&nbsp;listinn\u00e9 podob\u011b na adresu p\u0159\u00edslu\u0161n\u00e9 osoby [&hellip;]\" \/>\n<meta property=\"og:url\" content=\"https:\/\/kodaplegal.cz\/en\/ochrana-oznamovatelu\/\" \/>\n<meta property=\"og:site_name\" content=\"KODAP Legal\" \/>\n<meta property=\"article:modified_time\" content=\"2023-08-23T12:04:29+00:00\" \/>\n<meta name=\"twitter:card\" content=\"summary_large_image\" \/>\n<meta name=\"twitter:label1\" content=\"Estimated reading time\" \/>\n\t<meta name=\"twitter:data1\" content=\"1 minute\" \/>\n<script type=\"application\/ld+json\" class=\"yoast-schema-graph\">{\"@context\":\"https:\/\/schema.org\",\"@graph\":[{\"@type\":\"WebPage\",\"@id\":\"https:\/\/kodaplegal.cz\/ochrana-oznamovatelu\/\",\"url\":\"https:\/\/kodaplegal.cz\/ochrana-oznamovatelu\/\",\"name\":\"Ochrana oznamovatel\u016f | KODAP Legal\",\"isPartOf\":{\"@id\":\"https:\/\/kodaplegal.cz\/#website\"},\"datePublished\":\"2023-08-23T11:57:17+00:00\",\"dateModified\":\"2023-08-23T12:04:29+00:00\",\"breadcrumb\":{\"@id\":\"https:\/\/kodaplegal.cz\/ochrana-oznamovatelu\/#breadcrumb\"},\"inLanguage\":\"en-GB\",\"potentialAction\":[{\"@type\":\"ReadAction\",\"target\":[\"https:\/\/kodaplegal.cz\/ochrana-oznamovatelu\/\"]}]},{\"@type\":\"BreadcrumbList\",\"@id\":\"https:\/\/kodaplegal.cz\/ochrana-oznamovatelu\/#breadcrumb\",\"itemListElement\":[{\"@type\":\"ListItem\",\"position\":1,\"name\":\"Dom\u016f\",\"item\":\"https:\/\/kodaplegal.cz\/\"},{\"@type\":\"ListItem\",\"position\":2,\"name\":\"Ochrana oznamovatel\u016f\"}]},{\"@type\":\"WebSite\",\"@id\":\"https:\/\/kodaplegal.cz\/#website\",\"url\":\"https:\/\/kodaplegal.cz\/\",\"name\":\"KODAP Legal\",\"description\":\"advok\u00e1tn\u00ed kancel\u00e1\u0159\",\"publisher\":{\"@id\":\"https:\/\/kodaplegal.cz\/#organization\"},\"potentialAction\":[{\"@type\":\"SearchAction\",\"target\":{\"@type\":\"EntryPoint\",\"urlTemplate\":\"https:\/\/kodaplegal.cz\/?s={search_term_string}\"},\"query-input\":{\"@type\":\"PropertyValueSpecification\",\"valueRequired\":true,\"valueName\":\"search_term_string\"}}],\"inLanguage\":\"en-GB\"},{\"@type\":\"Organization\",\"@id\":\"https:\/\/kodaplegal.cz\/#organization\",\"name\":\"KODAP legal s.r.o.\",\"url\":\"https:\/\/kodaplegal.cz\/\",\"logo\":{\"@type\":\"ImageObject\",\"inLanguage\":\"en-GB\",\"@id\":\"https:\/\/kodaplegal.cz\/#\/schema\/logo\/image\/\",\"url\":\"https:\/\/kodaplegal.cz\/wp-content\/uploads\/2022\/04\/KODAP-legal-logo-2022-sRGB-1.png\",\"contentUrl\":\"https:\/\/kodaplegal.cz\/wp-content\/uploads\/2022\/04\/KODAP-legal-logo-2022-sRGB-1.png\",\"width\":150,\"height\":48,\"caption\":\"KODAP legal s.r.o.\"},\"image\":{\"@id\":\"https:\/\/kodaplegal.cz\/#\/schema\/logo\/image\/\"}}]}<\/script>\n<!-- \/ Yoast SEO plugin. -->","yoast_head_json":{"title":"Ochrana oznamovatel\u016f | KODAP Legal","robots":{"index":"index","follow":"follow","max-snippet":"max-snippet:-1","max-image-preview":"max-image-preview:large","max-video-preview":"max-video-preview:-1"},"canonical":"https:\/\/kodaplegal.cz\/en\/ochrana-oznamovatelu\/","og_locale":"en_GB","og_type":"article","og_title":"Ochrana oznamovatel\u016f | KODAP Legal","og_description":"Ochrana oznamovatel\u016f V&nbsp;souladu s \u00a7 9 odst. 2 p\u00edsm. b) z\u00e1kona \u010d. 171\/2023 Sb., o ochran\u011b oznamovatel\u016f (d\u00e1le jen \u201ez\u00e1kon o ochran\u011b oznamovatel\u016f\u201c), poskytuje advok\u00e1tn\u00ed kancel\u00e1\u0159 KODAP legal s.r.o. n\u00e1sleduj\u00edc\u00ed informace t\u00fdkaj\u00edc\u00ed se vy\u0159izov\u00e1n\u00ed ozn\u00e1men\u00ed dle uveden\u00e9ho z\u00e1kona: Ozn\u00e1men\u00ed je v\u016f\u010di spole\u010dnosti mo\u017en\u00e9 u\u010dinit prost\u0159ednictv\u00edm vnit\u0159n\u00edho oznamovac\u00edho syst\u00e9mu bu\u010f v&nbsp;listinn\u00e9 podob\u011b na adresu p\u0159\u00edslu\u0161n\u00e9 osoby [&hellip;]","og_url":"https:\/\/kodaplegal.cz\/en\/ochrana-oznamovatelu\/","og_site_name":"KODAP Legal","article_modified_time":"2023-08-23T12:04:29+00:00","twitter_card":"summary_large_image","twitter_misc":{"Estimated reading time":"1 minute"},"schema":{"@context":"https:\/\/schema.org","@graph":[{"@type":"WebPage","@id":"https:\/\/kodaplegal.cz\/ochrana-oznamovatelu\/","url":"https:\/\/kodaplegal.cz\/ochrana-oznamovatelu\/","name":"Ochrana oznamovatel\u016f | KODAP Legal","isPartOf":{"@id":"https:\/\/kodaplegal.cz\/#website"},"datePublished":"2023-08-23T11:57:17+00:00","dateModified":"2023-08-23T12:04:29+00:00","breadcrumb":{"@id":"https:\/\/kodaplegal.cz\/ochrana-oznamovatelu\/#breadcrumb"},"inLanguage":"en-GB","potentialAction":[{"@type":"ReadAction","target":["https:\/\/kodaplegal.cz\/ochrana-oznamovatelu\/"]}]},{"@type":"BreadcrumbList","@id":"https:\/\/kodaplegal.cz\/ochrana-oznamovatelu\/#breadcrumb","itemListElement":[{"@type":"ListItem","position":1,"name":"Dom\u016f","item":"https:\/\/kodaplegal.cz\/"},{"@type":"ListItem","position":2,"name":"Ochrana oznamovatel\u016f"}]},{"@type":"WebSite","@id":"https:\/\/kodaplegal.cz\/#website","url":"https:\/\/kodaplegal.cz\/","name":"KODAP Legal","description":"advok\u00e1tn\u00ed kancel\u00e1\u0159","publisher":{"@id":"https:\/\/kodaplegal.cz\/#organization"},"potentialAction":[{"@type":"SearchAction","target":{"@type":"EntryPoint","urlTemplate":"https:\/\/kodaplegal.cz\/?s={search_term_string}"},"query-input":{"@type":"PropertyValueSpecification","valueRequired":true,"valueName":"search_term_string"}}],"inLanguage":"en-GB"},{"@type":"Organization","@id":"https:\/\/kodaplegal.cz\/#organization","name":"KODAP legal s.r.o.","url":"https:\/\/kodaplegal.cz\/","logo":{"@type":"ImageObject","inLanguage":"en-GB","@id":"https:\/\/kodaplegal.cz\/#\/schema\/logo\/image\/","url":"https:\/\/kodaplegal.cz\/wp-content\/uploads\/2022\/04\/KODAP-legal-logo-2022-sRGB-1.png","contentUrl":"https:\/\/kodaplegal.cz\/wp-content\/uploads\/2022\/04\/KODAP-legal-logo-2022-sRGB-1.png","width":150,"height":48,"caption":"KODAP legal s.r.o."},"image":{"@id":"https:\/\/kodaplegal.cz\/#\/schema\/logo\/image\/"}}]}},"_links":{"self":[{"href":"https:\/\/kodaplegal.cz\/en\/wp-json\/wp\/v2\/pages\/2694","targetHints":{"allow":["GET"]}}],"collection":[{"href":"https:\/\/kodaplegal.cz\/en\/wp-json\/wp\/v2\/pages"}],"about":[{"href":"https:\/\/kodaplegal.cz\/en\/wp-json\/wp\/v2\/types\/page"}],"author":[{"embeddable":true,"href":"https:\/\/kodaplegal.cz\/en\/wp-json\/wp\/v2\/users\/2"}],"replies":[{"embeddable":true,"href":"https:\/\/kodaplegal.cz\/en\/wp-json\/wp\/v2\/comments?post=2694"}],"version-history":[{"count":11,"href":"https:\/\/kodaplegal.cz\/en\/wp-json\/wp\/v2\/pages\/2694\/revisions"}],"predecessor-version":[{"id":2710,"href":"https:\/\/kodaplegal.cz\/en\/wp-json\/wp\/v2\/pages\/2694\/revisions\/2710"}],"wp:attachment":[{"href":"https:\/\/kodaplegal.cz\/en\/wp-json\/wp\/v2\/media?parent=2694"}],"curies":[{"name":"wp","href":"https:\/\/api.w.org\/{rel}","templated":true}]}}