{"id":2609,"date":"2021-11-22T11:27:19","date_gmt":"2021-11-22T10:27:19","guid":{"rendered":"https:\/\/kodaplegal.cz\/kariera-spoluprace\/"},"modified":"2021-11-22T11:27:19","modified_gmt":"2021-11-22T10:27:19","slug":"kariera-spoluprace","status":"publish","type":"page","link":"https:\/\/kodaplegal.cz\/en\/kariera-spoluprace\/","title":{"rendered":"Kari\u00e9ra spolupr\u00e1ce"},"content":{"rendered":"<div data-elementor-type=\"wp-page\" data-elementor-id=\"2609\" class=\"elementor elementor-2609\" data-elementor-post-type=\"page\">\n\t\t\t\t\t\t<section class=\"elementor-section elementor-top-section elementor-element elementor-element-152230c elementor-section-boxed elementor-section-height-default elementor-section-height-default\" data-id=\"152230c\" data-element_type=\"section\" data-settings=\"{&quot;jet_parallax_layout_list&quot;:[{&quot;jet_parallax_layout_image&quot;:{&quot;url&quot;:&quot;&quot;,&quot;id&quot;:&quot;&quot;,&quot;size&quot;:&quot;&quot;},&quot;_id&quot;:&quot;74d3db3&quot;,&quot;jet_parallax_layout_image_tablet&quot;:{&quot;url&quot;:&quot;&quot;,&quot;id&quot;:&quot;&quot;,&quot;size&quot;:&quot;&quot;},&quot;jet_parallax_layout_image_mobile&quot;:{&quot;url&quot;:&quot;&quot;,&quot;id&quot;:&quot;&quot;,&quot;size&quot;:&quot;&quot;},&quot;jet_parallax_layout_speed&quot;:{&quot;unit&quot;:&quot;%&quot;,&quot;size&quot;:50,&quot;sizes&quot;:[]},&quot;jet_parallax_layout_type&quot;:&quot;scroll&quot;,&quot;jet_parallax_layout_direction&quot;:&quot;1&quot;,&quot;jet_parallax_layout_fx_direction&quot;:null,&quot;jet_parallax_layout_z_index&quot;:&quot;&quot;,&quot;jet_parallax_layout_bg_x&quot;:50,&quot;jet_parallax_layout_bg_x_tablet&quot;:&quot;&quot;,&quot;jet_parallax_layout_bg_x_mobile&quot;:&quot;&quot;,&quot;jet_parallax_layout_bg_y&quot;:50,&quot;jet_parallax_layout_bg_y_tablet&quot;:&quot;&quot;,&quot;jet_parallax_layout_bg_y_mobile&quot;:&quot;&quot;,&quot;jet_parallax_layout_bg_size&quot;:&quot;auto&quot;,&quot;jet_parallax_layout_bg_size_tablet&quot;:&quot;&quot;,&quot;jet_parallax_layout_bg_size_mobile&quot;:&quot;&quot;,&quot;jet_parallax_layout_animation_prop&quot;:&quot;transform&quot;,&quot;jet_parallax_layout_on&quot;:[&quot;desktop&quot;,&quot;tablet&quot;]}]}\">\n\t\t\t\t\t\t<div class=\"elementor-container elementor-column-gap-default\">\n\t\t\t\t\t<div class=\"elementor-column elementor-col-100 elementor-top-column elementor-element elementor-element-6c11796\" data-id=\"6c11796\" data-element_type=\"column\">\n\t\t\t<div class=\"elementor-widget-wrap elementor-element-populated\">\n\t\t\t\t\t\t<div class=\"elementor-element elementor-element-a33c7db elementor-widget elementor-widget-heading\" data-id=\"a33c7db\" data-element_type=\"widget\" data-widget_type=\"heading.default\">\n\t\t\t\t<div class=\"elementor-widget-container\">\n\t\t\t\t\t<h1 class=\"elementor-heading-title elementor-size-default\">Career and cooperation<\/h1>\t\t\t\t<\/div>\n\t\t\t\t<\/div>\n\t\t\t\t<div class=\"elementor-element elementor-element-68fe329 elementor-widget elementor-widget-text-editor\" data-id=\"68fe329\" data-element_type=\"widget\" data-widget_type=\"text-editor.default\">\n\t\t\t\t<div class=\"elementor-widget-container\">\n\t\t\t\t\t\t\t\t\t<p><strong>We are always open to suggestions for any form of cooperation and expanding our horizons.\u00a0<\/strong><\/p><p>We would love to hear from you if you think we could work together.<\/p>\t\t\t\t\t\t\t\t<\/div>\n\t\t\t\t<\/div>\n\t\t\t\t\t<\/div>\n\t\t<\/div>\n\t\t\t\t\t<\/div>\n\t\t<\/section>\n\t\t\t\t<section class=\"elementor-section elementor-top-section elementor-element elementor-element-33c8ffd elementor-section-boxed elementor-section-height-default elementor-section-height-default\" data-id=\"33c8ffd\" data-element_type=\"section\" data-settings=\"{&quot;jet_parallax_layout_list&quot;:[{&quot;jet_parallax_layout_image&quot;:{&quot;url&quot;:&quot;&quot;,&quot;id&quot;:&quot;&quot;,&quot;size&quot;:&quot;&quot;},&quot;_id&quot;:&quot;f927ae0&quot;,&quot;jet_parallax_layout_image_tablet&quot;:{&quot;url&quot;:&quot;&quot;,&quot;id&quot;:&quot;&quot;,&quot;size&quot;:&quot;&quot;},&quot;jet_parallax_layout_image_mobile&quot;:{&quot;url&quot;:&quot;&quot;,&quot;id&quot;:&quot;&quot;,&quot;size&quot;:&quot;&quot;},&quot;jet_parallax_layout_speed&quot;:{&quot;unit&quot;:&quot;%&quot;,&quot;size&quot;:50,&quot;sizes&quot;:[]},&quot;jet_parallax_layout_type&quot;:&quot;scroll&quot;,&quot;jet_parallax_layout_direction&quot;:&quot;1&quot;,&quot;jet_parallax_layout_fx_direction&quot;:null,&quot;jet_parallax_layout_z_index&quot;:&quot;&quot;,&quot;jet_parallax_layout_bg_x&quot;:50,&quot;jet_parallax_layout_bg_x_tablet&quot;:&quot;&quot;,&quot;jet_parallax_layout_bg_x_mobile&quot;:&quot;&quot;,&quot;jet_parallax_layout_bg_y&quot;:50,&quot;jet_parallax_layout_bg_y_tablet&quot;:&quot;&quot;,&quot;jet_parallax_layout_bg_y_mobile&quot;:&quot;&quot;,&quot;jet_parallax_layout_bg_size&quot;:&quot;auto&quot;,&quot;jet_parallax_layout_bg_size_tablet&quot;:&quot;&quot;,&quot;jet_parallax_layout_bg_size_mobile&quot;:&quot;&quot;,&quot;jet_parallax_layout_animation_prop&quot;:&quot;transform&quot;,&quot;jet_parallax_layout_on&quot;:[&quot;desktop&quot;,&quot;tablet&quot;]}],&quot;background_background&quot;:&quot;classic&quot;,&quot;shape_divider_top&quot;:&quot;tilt&quot;}\">\n\t\t\t\t\t<div class=\"elementor-shape elementor-shape-top\" aria-hidden=\"true\" data-negative=\"false\">\n\t\t\t<svg xmlns=\"http:\/\/www.w3.org\/2000\/svg\" viewbox=\"0 0 1000 100\" preserveaspectratio=\"none\">\n\t<path class=\"elementor-shape-fill\" d=\"M0,6V0h1000v100L0,6z\"\/>\n<\/svg>\t\t<\/div>\n\t\t\t\t\t<div class=\"elementor-container elementor-column-gap-default\">\n\t\t\t\t\t<div class=\"elementor-column elementor-col-100 elementor-top-column elementor-element elementor-element-39820ae\" data-id=\"39820ae\" data-element_type=\"column\">\n\t\t\t<div class=\"elementor-widget-wrap elementor-element-populated\">\n\t\t\t\t\t\t<div class=\"elementor-element elementor-element-705394f elementor-widget elementor-widget-jet-listing-grid\" data-id=\"705394f\" data-element_type=\"widget\" data-settings=\"{&quot;columns&quot;:&quot;1&quot;}\" data-widget_type=\"jet-listing-grid.default\">\n\t\t\t\t<div class=\"elementor-widget-container\">\n\t\t\t\t\t<div class=\"jet-listing-grid jet-listing\"><div class=\"jet-listing-grid__items grid-col-desk-1 grid-col-tablet-1 grid-col-mobile-1 jet-listing-grid--365\" data-queried-id=\"2609|WP_Post\" data-nav=\"{&quot;enabled&quot;:false,&quot;type&quot;:null,&quot;more_el&quot;:null,&quot;query&quot;:[],&quot;widget_settings&quot;:{&quot;lisitng_id&quot;:365,&quot;posts_num&quot;:999,&quot;columns&quot;:1,&quot;columns_tablet&quot;:1,&quot;columns_mobile&quot;:1,&quot;column_min_width&quot;:240,&quot;column_min_width_tablet&quot;:240,&quot;column_min_width_mobile&quot;:240,&quot;inline_columns_css&quot;:false,&quot;is_archive_template&quot;:&quot;&quot;,&quot;post_status&quot;:[&quot;publish&quot;],&quot;use_random_posts_num&quot;:&quot;&quot;,&quot;max_posts_num&quot;:9,&quot;not_found_message&quot;:&quot;Aktu\\u00e1ln\\u011b nenab\\u00edz\\u00edme \\u017e\\u00e1dne pozice.&quot;,&quot;is_masonry&quot;:false,&quot;equal_columns_height&quot;:&quot;&quot;,&quot;use_load_more&quot;:&quot;&quot;,&quot;load_more_id&quot;:&quot;&quot;,&quot;load_more_type&quot;:&quot;click&quot;,&quot;load_more_offset&quot;:{&quot;unit&quot;:&quot;px&quot;,&quot;size&quot;:0,&quot;sizes&quot;:[]},&quot;use_custom_post_types&quot;:&quot;&quot;,&quot;custom_post_types&quot;:[],&quot;hide_widget_if&quot;:&quot;&quot;,&quot;carousel_enabled&quot;:&quot;&quot;,&quot;slides_to_scroll&quot;:&quot;1&quot;,&quot;arrows&quot;:&quot;true&quot;,&quot;arrow_icon&quot;:&quot;fa fa-angle-left&quot;,&quot;dots&quot;:&quot;&quot;,&quot;autoplay&quot;:&quot;true&quot;,&quot;pause_on_hover&quot;:&quot;true&quot;,&quot;autoplay_speed&quot;:5000,&quot;infinite&quot;:&quot;true&quot;,&quot;center_mode&quot;:&quot;&quot;,&quot;effect&quot;:&quot;slide&quot;,&quot;speed&quot;:500,&quot;inject_alternative_items&quot;:&quot;&quot;,&quot;injection_items&quot;:[],&quot;scroll_slider_enabled&quot;:&quot;&quot;,&quot;scroll_slider_on&quot;:[&quot;desktop&quot;,&quot;tablet&quot;,&quot;mobile&quot;],&quot;custom_query&quot;:false,&quot;custom_query_id&quot;:&quot;&quot;,&quot;_element_id&quot;:&quot;&quot;,&quot;collapse_first_last_gap&quot;:false,&quot;list_tag_selection&quot;:&quot;&quot;,&quot;list_items_wrapper_tag&quot;:&quot;div&quot;,&quot;list_item_tag&quot;:&quot;div&quot;,&quot;empty_items_wrapper_tag&quot;:&quot;div&quot;}}\" data-page=\"1\" data-pages=\"1\" data-listing-source=\"posts\" data-listing-id=\"365\" data-query-id=\"\"><div class=\"jet-listing-grid__item jet-listing-dynamic-post-668\" data-post-id=\"668\"  >\t\t<div data-elementor-type=\"jet-listing-items\" data-elementor-id=\"365\" class=\"elementor elementor-365\" data-elementor-post-type=\"jet-engine\">\n\t\t\t\t\t\t<section class=\"elementor-section elementor-top-section elementor-element elementor-element-2ad1eb9 elementor-section-boxed elementor-section-height-default elementor-section-height-default\" data-id=\"2ad1eb9\" data-element_type=\"section\" data-settings=\"{&quot;jet_parallax_layout_list&quot;:[{&quot;jet_parallax_layout_image&quot;:{&quot;url&quot;:&quot;&quot;,&quot;id&quot;:&quot;&quot;,&quot;size&quot;:&quot;&quot;},&quot;_id&quot;:&quot;357bfef&quot;,&quot;jet_parallax_layout_image_tablet&quot;:{&quot;url&quot;:&quot;&quot;,&quot;id&quot;:&quot;&quot;,&quot;size&quot;:&quot;&quot;},&quot;jet_parallax_layout_image_mobile&quot;:{&quot;url&quot;:&quot;&quot;,&quot;id&quot;:&quot;&quot;,&quot;size&quot;:&quot;&quot;},&quot;jet_parallax_layout_speed&quot;:{&quot;unit&quot;:&quot;%&quot;,&quot;size&quot;:50,&quot;sizes&quot;:[]},&quot;jet_parallax_layout_type&quot;:&quot;scroll&quot;,&quot;jet_parallax_layout_direction&quot;:&quot;1&quot;,&quot;jet_parallax_layout_fx_direction&quot;:null,&quot;jet_parallax_layout_z_index&quot;:&quot;&quot;,&quot;jet_parallax_layout_bg_x&quot;:50,&quot;jet_parallax_layout_bg_x_tablet&quot;:&quot;&quot;,&quot;jet_parallax_layout_bg_x_mobile&quot;:&quot;&quot;,&quot;jet_parallax_layout_bg_y&quot;:50,&quot;jet_parallax_layout_bg_y_tablet&quot;:&quot;&quot;,&quot;jet_parallax_layout_bg_y_mobile&quot;:&quot;&quot;,&quot;jet_parallax_layout_bg_size&quot;:&quot;auto&quot;,&quot;jet_parallax_layout_bg_size_tablet&quot;:&quot;&quot;,&quot;jet_parallax_layout_bg_size_mobile&quot;:&quot;&quot;,&quot;jet_parallax_layout_animation_prop&quot;:&quot;transform&quot;,&quot;jet_parallax_layout_on&quot;:[&quot;desktop&quot;,&quot;tablet&quot;]}]}\">\n\t\t\t\t\t\t<div class=\"elementor-container elementor-column-gap-default\">\n\t\t\t\t\t<div class=\"elementor-column elementor-col-100 elementor-top-column elementor-element elementor-element-90aa591\" data-id=\"90aa591\" data-element_type=\"column\" data-settings=\"{&quot;background_background&quot;:&quot;classic&quot;}\">\n\t\t\t<div class=\"elementor-widget-wrap elementor-element-populated\">\n\t\t\t\t\t\t<div class=\"elementor-element elementor-element-f6f59ec elementor-widget elementor-widget-heading\" data-id=\"f6f59ec\" data-element_type=\"widget\" data-widget_type=\"heading.default\">\n\t\t\t\t<div class=\"elementor-widget-container\">\n\t\t\t\t\t<h2 class=\"elementor-heading-title elementor-size-default\">Candidate Attorney<\/h2>\t\t\t\t<\/div>\n\t\t\t\t<\/div>\n\t\t\t\t<div class=\"elementor-element elementor-element-93c6001 elementor-widget elementor-widget-jet-listing-dynamic-field\" data-id=\"93c6001\" data-element_type=\"widget\" data-widget_type=\"jet-listing-dynamic-field.default\">\n\t\t\t\t<div class=\"elementor-widget-container\">\n\t\t\t\t\t<div class=\"jet-listing jet-listing-dynamic-field display-inline\"><div class=\"jet-listing-dynamic-field__inline-wrap\"><div class=\"jet-listing-dynamic-field__content\" >\n<p>Advok\u00e1tn\u00ed kancel\u00e1\u0159 KODAP legal s.r.o. roz\u0161i\u0159uje sv\u016fj t\u00fdm a hled\u00e1 nov\u00e9ho kolegu\/kolegyni na pozici advok\u00e1tn\u00edho koncipienta\/koncipientky<\/p>\n\n\n\n<p><strong>Co u n\u00e1s z\u00edsk\u00e1\u0161?<\/strong><\/p>\n\n\n\n<ul class=\"wp-block-list\">\n<li>Pr\u00e1ci v mlad\u00e9m, p\u0159\u00e1telsk\u00e9m a podporuj\u00edc\u00edm t\u00fdmu, kde se m\u016f\u017ee\u0161 otev\u0159en\u011b rozv\u00edjet<\/li>\n\n\n\n<li>Odborn\u00e9 veden\u00ed, pravideln\u00e9 mentoringov\u00e9 sch\u016fzky a zp\u011btnou vazbu<\/li>\n\n\n\n<li>Mo\u017enost profilovat se podle vlastn\u00edch preferenc\u00ed a z\u00e1jm\u016f<\/li>\n\n\n\n<li>Perspektivu dlouhodob\u00e9 spolupr\u00e1ce a stabiln\u00edho pracovn\u00edho prost\u0159ed\u00ed<\/li>\n\n\n\n<li>F\u00e9rov\u00e9, nadstandardn\u00ed a motiva\u010dn\u00ed finan\u010dn\u00ed ohodnocen\u00ed v rozp\u011bt\u00ed <strong>n\u00e1stupn\u00ed mzdy 35.000 \u2013 45.000 K\u010d<\/strong> s perspektivou v\u00fdrazn\u00e9ho nav\u00fd\u0161en\u00ed po zapracov\u00e1n\u00ed<\/li>\n\n\n\n<li>Skv\u011bl\u00e9 firemn\u00ed benefity, nap\u0159.:\n<ul class=\"wp-block-list\">\n<li>5 t\u00fddn\u016f dovolen\u00e9<\/li>\n\n\n\n<li>Sick days<\/li>\n\n\n\n<li>Mo\u017enost ob\u010dasn\u00e9 pr\u00e1ce z domova dle domluvy<\/li>\n\n\n\n<li>Pravideln\u00e9 teambuildingy a spole\u010dn\u00e9 akce<\/li>\n<\/ul>\n<\/li>\n\n\n\n<li>Podporu\u00a0v dal\u0161\u00edm vzd\u011bl\u00e1v\u00e1n\u00ed:\n<ul class=\"wp-block-list\">\n<li>\u00da\u010dast na odborn\u00fdch \u0161kolen\u00edch<\/li>\n\n\n\n<li>P\u0159\u00edsp\u011bvek na jazykov\u00e9 kurzy nebo jin\u00e9 seberozvojov\u00e9 aktivity<\/li>\n\n\n\n<li>Mo\u017enost \u00fa\u010dasti na odborn\u00fdch konferenc\u00edch<\/li>\n<\/ul>\n<\/li>\n\n\n\n<li>D\u016fraz na work-life balance:\n<ul class=\"wp-block-list\">\n<li>Pr\u00e1ce na standardn\u00ed pracovn\u00ed dobu<\/li>\n\n\n\n<li>Vst\u0159\u00edcn\u00e9 nastaven\u00ed k rodinn\u00e9mu i osobn\u00edmu \u017eivotu<\/li>\n<\/ul>\n<\/li>\n<\/ul>\n\n\n\n<p><\/p>\n\n\n\n<p><strong>Koho hled\u00e1me?<\/strong><\/p>\n\n\n\n<ul class=\"wp-block-list\">\n<li>Nad\u0161en\u00e9ho a zodpov\u011bdn\u00e9ho \u010dlov\u011bka se z\u00e1jmem o pr\u00e1vo, s chut\u00ed u\u010dit se nov\u00e9 v\u011bci a pracovat v t\u00fdmu<\/li>\n\n\n\n<li>Uchaze\u010de\/uchaze\u010dku se z\u00e1kladn\u00ed znalost\u00ed angli\u010dtiny a\/nebo n\u011bm\u010diny (vy\u0161\u0161\u00ed znalost je v\u00edt\u00e1na, ale nen\u00ed podm\u00ednkou) a alespo\u0148 ro\u010dn\u00ed prax\u00ed<\/li>\n\n\n\n<li>\u010clov\u011bka se schopnost\u00ed logicky myslet a srozumiteln\u011b se vyjad\u0159ovat<\/li>\n\n\n\n<li>Disponibilitu pro pr\u00e1ci na pln\u00fd \u00favazek s ohledem na rovnov\u00e1hu mezi prac\u00ed a osobn\u00edm \u017eivotem<\/li>\n<\/ul>\n\n\n\n<p><\/p>\n\n\n\n<p><strong>N\u00e1stup dle dohody, r\u00e1di se p\u0159izp\u016fsob\u00edme.<\/strong><br><br>Zaujali jsme t\u011b? Po\u0161li \u017eivotopis a kontaktn\u00ed \u00fadaje na mail\u00a0<a href=\"mailto:%20hejzlar@kodaplegal.cz\" target=\"_blank\" rel=\"noreferrer noopener\">hejzlar@kodaplegal.cz<\/a> a poj\u010fme se poznat.<\/p>\n\n\n\n<p><\/p>\n<\/div><\/div><\/div>\t\t\t\t<\/div>\n\t\t\t\t<\/div>\n\t\t\t\t\t<\/div>\n\t\t<\/div>\n\t\t\t\t\t<\/div>\n\t\t<\/section>\n\t\t\t\t<\/div>\n\t\t<\/div><\/div><\/div>\t\t\t\t<\/div>\n\t\t\t\t<\/div>\n\t\t\t\t\t<\/div>\n\t\t<\/div>\n\t\t\t\t\t<\/div>\n\t\t<\/section>\n\t\t\t\t<\/div>","protected":false},"excerpt":{"rendered":"<p>Kari\u00e9ra a spolupr\u00e1ce Jsme v\u017edy otev\u0159en\u00ed n\u00e1vrh\u016fm jak\u00e9koliv formy spolupr\u00e1ce a roz\u0161i\u0159ov\u00e1n\u00ed na\u0161ich obzor\u016f.&nbsp; Pokud si mysl\u00edte, \u017ee bychom mohli nav\u00e1zat spolupr\u00e1ci, velmi r\u00e1di V\u00e1s p\u0159iv\u00edt\u00e1me a vyslechneme. Advok\u00e1tn\u00ed koncipient\/ka Pro advok\u00e1tn\u00ed koncipienty nab\u00edz\u00edme pestrou a&nbsp;vysoce kvalifikovanou pr\u00e1ci v&nbsp;mlad\u00e9m dynamick\u00e9m kolektivu pr\u00e1vn\u00edk\u016f, s&nbsp;motivuj\u00edc\u00edm finan\u010dn\u00edm ohodnocen\u00edm. O\u010dek\u00e1v\u00e1me: vysokou \u00farove\u0148 odborn\u00fdch znalost\u00ed, zejm\u00e9na v&nbsp;oblasti spr\u00e1vn\u00edho a&nbsp;obchodn\u00edho pr\u00e1va [&hellip;]<\/p>","protected":false},"author":4,"featured_media":0,"parent":0,"menu_order":0,"comment_status":"closed","ping_status":"closed","template":"elementor_header_footer","meta":{"footnotes":""},"class_list":["post-2609","page","type-page","status-publish","hentry"],"yoast_head":"<!-- This site is optimized with the Yoast SEO plugin v26.7 - https:\/\/yoast.com\/wordpress\/plugins\/seo\/ -->\n<title>Kari\u00e9ra spolupr\u00e1ce | KODAP Legal<\/title>\n<meta name=\"description\" content=\"Jsme v\u017edy otev\u0159en\u00ed n\u00e1vrh\u016fm jak\u00e9koliv formy spolupr\u00e1ce a roz\u0161i\u0159ov\u00e1n\u00ed na\u0161ich obzor\u016f. Pokud si mysl\u00edte, \u017ee bychom mohli nav\u00e1zat spolupr\u00e1ci, velmi r\u00e1di V\u00e1s p\u0159iv\u00edt\u00e1me a vyslechneme.\" \/>\n<meta name=\"robots\" content=\"index, follow, max-snippet:-1, max-image-preview:large, max-video-preview:-1\" \/>\n<link rel=\"canonical\" href=\"https:\/\/kodaplegal.cz\/en\/kariera-spoluprace\/\" \/>\n<meta property=\"og:locale\" content=\"en_GB\" \/>\n<meta property=\"og:type\" content=\"article\" \/>\n<meta property=\"og:title\" content=\"Kari\u00e9ra spolupr\u00e1ce | KODAP Legal\" \/>\n<meta property=\"og:description\" content=\"Jsme v\u017edy otev\u0159en\u00ed n\u00e1vrh\u016fm jak\u00e9koliv formy spolupr\u00e1ce a roz\u0161i\u0159ov\u00e1n\u00ed na\u0161ich obzor\u016f. Pokud si mysl\u00edte, \u017ee bychom mohli nav\u00e1zat spolupr\u00e1ci, velmi r\u00e1di V\u00e1s p\u0159iv\u00edt\u00e1me a vyslechneme.\" \/>\n<meta property=\"og:url\" content=\"https:\/\/kodaplegal.cz\/en\/kariera-spoluprace\/\" \/>\n<meta property=\"og:site_name\" content=\"KODAP Legal\" \/>\n<meta name=\"twitter:card\" content=\"summary_large_image\" \/>\n<meta name=\"twitter:label1\" content=\"Estimated reading time\" \/>\n\t<meta name=\"twitter:data1\" content=\"1 minute\" \/>\n<script type=\"application\/ld+json\" class=\"yoast-schema-graph\">{\"@context\":\"https:\/\/schema.org\",\"@graph\":[{\"@type\":\"WebPage\",\"@id\":\"https:\/\/kodaplegal.cz\/kariera-spoluprace\/\",\"url\":\"https:\/\/kodaplegal.cz\/kariera-spoluprace\/\",\"name\":\"Kari\u00e9ra spolupr\u00e1ce | KODAP Legal\",\"isPartOf\":{\"@id\":\"https:\/\/kodaplegal.cz\/#website\"},\"datePublished\":\"2021-11-22T10:27:19+00:00\",\"description\":\"Jsme v\u017edy otev\u0159en\u00ed n\u00e1vrh\u016fm jak\u00e9koliv formy spolupr\u00e1ce a roz\u0161i\u0159ov\u00e1n\u00ed na\u0161ich obzor\u016f. Pokud si mysl\u00edte, \u017ee bychom mohli nav\u00e1zat spolupr\u00e1ci, velmi r\u00e1di V\u00e1s p\u0159iv\u00edt\u00e1me a vyslechneme.\",\"breadcrumb\":{\"@id\":\"https:\/\/kodaplegal.cz\/kariera-spoluprace\/#breadcrumb\"},\"inLanguage\":\"en-GB\",\"potentialAction\":[{\"@type\":\"ReadAction\",\"target\":[\"https:\/\/kodaplegal.cz\/kariera-spoluprace\/\"]}]},{\"@type\":\"BreadcrumbList\",\"@id\":\"https:\/\/kodaplegal.cz\/kariera-spoluprace\/#breadcrumb\",\"itemListElement\":[{\"@type\":\"ListItem\",\"position\":1,\"name\":\"Dom\u016f\",\"item\":\"https:\/\/kodaplegal.cz\/\"},{\"@type\":\"ListItem\",\"position\":2,\"name\":\"Kari\u00e9ra spolupr\u00e1ce\"}]},{\"@type\":\"WebSite\",\"@id\":\"https:\/\/kodaplegal.cz\/#website\",\"url\":\"https:\/\/kodaplegal.cz\/\",\"name\":\"KODAP Legal\",\"description\":\"advok\u00e1tn\u00ed kancel\u00e1\u0159\",\"publisher\":{\"@id\":\"https:\/\/kodaplegal.cz\/#organization\"},\"potentialAction\":[{\"@type\":\"SearchAction\",\"target\":{\"@type\":\"EntryPoint\",\"urlTemplate\":\"https:\/\/kodaplegal.cz\/?s={search_term_string}\"},\"query-input\":{\"@type\":\"PropertyValueSpecification\",\"valueRequired\":true,\"valueName\":\"search_term_string\"}}],\"inLanguage\":\"en-GB\"},{\"@type\":\"Organization\",\"@id\":\"https:\/\/kodaplegal.cz\/#organization\",\"name\":\"KODAP legal s.r.o.\",\"url\":\"https:\/\/kodaplegal.cz\/\",\"logo\":{\"@type\":\"ImageObject\",\"inLanguage\":\"en-GB\",\"@id\":\"https:\/\/kodaplegal.cz\/#\/schema\/logo\/image\/\",\"url\":\"https:\/\/kodaplegal.cz\/wp-content\/uploads\/2022\/04\/KODAP-legal-logo-2022-sRGB-1.png\",\"contentUrl\":\"https:\/\/kodaplegal.cz\/wp-content\/uploads\/2022\/04\/KODAP-legal-logo-2022-sRGB-1.png\",\"width\":150,\"height\":48,\"caption\":\"KODAP legal s.r.o.\"},\"image\":{\"@id\":\"https:\/\/kodaplegal.cz\/#\/schema\/logo\/image\/\"}}]}<\/script>\n<!-- \/ Yoast SEO plugin. -->","yoast_head_json":{"title":"Kari\u00e9ra spolupr\u00e1ce | KODAP Legal","description":"Jsme v\u017edy otev\u0159en\u00ed n\u00e1vrh\u016fm jak\u00e9koliv formy spolupr\u00e1ce a roz\u0161i\u0159ov\u00e1n\u00ed na\u0161ich obzor\u016f. Pokud si mysl\u00edte, \u017ee bychom mohli nav\u00e1zat spolupr\u00e1ci, velmi r\u00e1di V\u00e1s p\u0159iv\u00edt\u00e1me a vyslechneme.","robots":{"index":"index","follow":"follow","max-snippet":"max-snippet:-1","max-image-preview":"max-image-preview:large","max-video-preview":"max-video-preview:-1"},"canonical":"https:\/\/kodaplegal.cz\/en\/kariera-spoluprace\/","og_locale":"en_GB","og_type":"article","og_title":"Kari\u00e9ra spolupr\u00e1ce | KODAP Legal","og_description":"Jsme v\u017edy otev\u0159en\u00ed n\u00e1vrh\u016fm jak\u00e9koliv formy spolupr\u00e1ce a roz\u0161i\u0159ov\u00e1n\u00ed na\u0161ich obzor\u016f. Pokud si mysl\u00edte, \u017ee bychom mohli nav\u00e1zat spolupr\u00e1ci, velmi r\u00e1di V\u00e1s p\u0159iv\u00edt\u00e1me a vyslechneme.","og_url":"https:\/\/kodaplegal.cz\/en\/kariera-spoluprace\/","og_site_name":"KODAP Legal","twitter_card":"summary_large_image","twitter_misc":{"Estimated reading time":"1 minute"},"schema":{"@context":"https:\/\/schema.org","@graph":[{"@type":"WebPage","@id":"https:\/\/kodaplegal.cz\/kariera-spoluprace\/","url":"https:\/\/kodaplegal.cz\/kariera-spoluprace\/","name":"Kari\u00e9ra spolupr\u00e1ce | KODAP Legal","isPartOf":{"@id":"https:\/\/kodaplegal.cz\/#website"},"datePublished":"2021-11-22T10:27:19+00:00","description":"Jsme v\u017edy otev\u0159en\u00ed n\u00e1vrh\u016fm jak\u00e9koliv formy spolupr\u00e1ce a roz\u0161i\u0159ov\u00e1n\u00ed na\u0161ich obzor\u016f. Pokud si mysl\u00edte, \u017ee bychom mohli nav\u00e1zat spolupr\u00e1ci, velmi r\u00e1di V\u00e1s p\u0159iv\u00edt\u00e1me a vyslechneme.","breadcrumb":{"@id":"https:\/\/kodaplegal.cz\/kariera-spoluprace\/#breadcrumb"},"inLanguage":"en-GB","potentialAction":[{"@type":"ReadAction","target":["https:\/\/kodaplegal.cz\/kariera-spoluprace\/"]}]},{"@type":"BreadcrumbList","@id":"https:\/\/kodaplegal.cz\/kariera-spoluprace\/#breadcrumb","itemListElement":[{"@type":"ListItem","position":1,"name":"Dom\u016f","item":"https:\/\/kodaplegal.cz\/"},{"@type":"ListItem","position":2,"name":"Kari\u00e9ra spolupr\u00e1ce"}]},{"@type":"WebSite","@id":"https:\/\/kodaplegal.cz\/#website","url":"https:\/\/kodaplegal.cz\/","name":"KODAP Legal","description":"advok\u00e1tn\u00ed kancel\u00e1\u0159","publisher":{"@id":"https:\/\/kodaplegal.cz\/#organization"},"potentialAction":[{"@type":"SearchAction","target":{"@type":"EntryPoint","urlTemplate":"https:\/\/kodaplegal.cz\/?s={search_term_string}"},"query-input":{"@type":"PropertyValueSpecification","valueRequired":true,"valueName":"search_term_string"}}],"inLanguage":"en-GB"},{"@type":"Organization","@id":"https:\/\/kodaplegal.cz\/#organization","name":"KODAP legal s.r.o.","url":"https:\/\/kodaplegal.cz\/","logo":{"@type":"ImageObject","inLanguage":"en-GB","@id":"https:\/\/kodaplegal.cz\/#\/schema\/logo\/image\/","url":"https:\/\/kodaplegal.cz\/wp-content\/uploads\/2022\/04\/KODAP-legal-logo-2022-sRGB-1.png","contentUrl":"https:\/\/kodaplegal.cz\/wp-content\/uploads\/2022\/04\/KODAP-legal-logo-2022-sRGB-1.png","width":150,"height":48,"caption":"KODAP legal s.r.o."},"image":{"@id":"https:\/\/kodaplegal.cz\/#\/schema\/logo\/image\/"}}]}},"_links":{"self":[{"href":"https:\/\/kodaplegal.cz\/en\/wp-json\/wp\/v2\/pages\/2609","targetHints":{"allow":["GET"]}}],"collection":[{"href":"https:\/\/kodaplegal.cz\/en\/wp-json\/wp\/v2\/pages"}],"about":[{"href":"https:\/\/kodaplegal.cz\/en\/wp-json\/wp\/v2\/types\/page"}],"author":[{"embeddable":true,"href":"https:\/\/kodaplegal.cz\/en\/wp-json\/wp\/v2\/users\/4"}],"replies":[{"embeddable":true,"href":"https:\/\/kodaplegal.cz\/en\/wp-json\/wp\/v2\/comments?post=2609"}],"version-history":[{"count":0,"href":"https:\/\/kodaplegal.cz\/en\/wp-json\/wp\/v2\/pages\/2609\/revisions"}],"wp:attachment":[{"href":"https:\/\/kodaplegal.cz\/en\/wp-json\/wp\/v2\/media?parent=2609"}],"curies":[{"name":"wp","href":"https:\/\/api.w.org\/{rel}","templated":true}]}}